{"id":916,"date":"2020-01-16T09:27:23","date_gmt":"2020-01-16T09:27:23","guid":{"rendered":"http:\/\/le.ese.ipp.pt\/?page_id=916"},"modified":"2020-01-16T09:27:25","modified_gmt":"2020-01-16T09:27:25","slug":"1920a08_are-streaming-platforms-the-new-television","status":"publish","type":"page","link":"https:\/\/le.ese.ipp.pt\/?page_id=916","title":{"rendered":"1920A08_Are streaming platforms the new television?"},"content":{"rendered":"\n<p>Are streaming platforms the new television?<\/p>\n\n\n\n<p>\nTelevision was without a doubt\none of the most impactful and revolutionary creations of the 20th\ncentury. Nowadays, television still has a great influence in our society.\nHowever, we can say that our thoughts about it are changing, because now we\nreceive so much information in a short time that we start to doubt whether the\ninformation is reliable or not\n\n<\/p>\n\n\n\n<figure class=\"wp-block-image\"><img loading=\"lazy\" decoding=\"async\" width=\"1024\" height=\"620\" src=\"https:\/\/le.ese.ipp.pt\/wp-content\/uploads\/2020\/01\/imagem-13-1024x620.png\" alt=\"\" class=\"wp-image-917\" srcset=\"https:\/\/le.ese.ipp.pt\/wp-content\/uploads\/2020\/01\/imagem-13-1024x620.png 1024w, https:\/\/le.ese.ipp.pt\/wp-content\/uploads\/2020\/01\/imagem-13-300x182.png 300w, https:\/\/le.ese.ipp.pt\/wp-content\/uploads\/2020\/01\/imagem-13-768x465.png 768w, https:\/\/le.ese.ipp.pt\/wp-content\/uploads\/2020\/01\/imagem-13.png 1991w\" sizes=\"auto, (max-width: 1024px) 100vw, 1024px\" \/><figcaption><a href=\"https:\/\/streaming-platforms.webnode.pt\/\">https:\/\/streaming-platforms.webnode.pt\/<\/a><\/figcaption><\/figure>\n\n\n\n<p>Gon\u00e7alo Leal (goncalo.henrique.leal@gmail.com)<br>Rui Ara\u00fajo<br>(ruimsaraujo6@gmail.com)<br>Pedro Matias<br>(pmbm13@outlook.com)<br>Tiago Br\u00e9<br>(tiagobre22@gmail.com) <\/p>\n\n\n\n<figure class=\"wp-block-image\"><img decoding=\"async\" src=\"https:\/\/padlet.pics\/1\/proxy?url=https%3A%2F%2Flh3.googleusercontent.com%2FKm4FwcJ4NZMbNOCSdjfZDXD24LLA45d53ZM_iXOwMhesQx5TTIXme3GIG6LY67EEUeOY_5jvuuUxGqKJhknwbSxJcXTyHSlu%3Dw2395-h1425-rw-e365\" alt=\"\"\/><\/figure>\n","protected":false},"excerpt":{"rendered":"<p>Are streaming platforms the new television? Television was without a doubt one of the most impactful and revolutionary creations of the 20th century. Nowadays, television still has a great influence in our society. However, we can say that our thoughts about it are changing, because now we receive so much information in a short time [&hellip;]<\/p>\n","protected":false},"author":2,"featured_media":0,"parent":0,"menu_order":0,"comment_status":"closed","ping_status":"closed","template":"","meta":{"ngg_post_thumbnail":0,"footnotes":""},"class_list":["post-916","page","type-page","status-publish","hentry"],"_links":{"self":[{"href":"https:\/\/le.ese.ipp.pt\/index.php?rest_route=\/wp\/v2\/pages\/916","targetHints":{"allow":["GET"]}}],"collection":[{"href":"https:\/\/le.ese.ipp.pt\/index.php?rest_route=\/wp\/v2\/pages"}],"about":[{"href":"https:\/\/le.ese.ipp.pt\/index.php?rest_route=\/wp\/v2\/types\/page"}],"author":[{"embeddable":true,"href":"https:\/\/le.ese.ipp.pt\/index.php?rest_route=\/wp\/v2\/users\/2"}],"replies":[{"embeddable":true,"href":"https:\/\/le.ese.ipp.pt\/index.php?rest_route=%2Fwp%2Fv2%2Fcomments&post=916"}],"version-history":[{"count":1,"href":"https:\/\/le.ese.ipp.pt\/index.php?rest_route=\/wp\/v2\/pages\/916\/revisions"}],"predecessor-version":[{"id":919,"href":"https:\/\/le.ese.ipp.pt\/index.php?rest_route=\/wp\/v2\/pages\/916\/revisions\/919"}],"wp:attachment":[{"href":"https:\/\/le.ese.ipp.pt\/index.php?rest_route=%2Fwp%2Fv2%2Fmedia&parent=916"}],"curies":[{"name":"wp","href":"https:\/\/api.w.org\/{rel}","templated":true}]}}