{"id":866,"date":"2020-01-08T10:11:09","date_gmt":"2020-01-08T10:11:09","guid":{"rendered":"http:\/\/le.ese.ipp.pt\/?page_id=866"},"modified":"2023-10-28T20:46:18","modified_gmt":"2023-10-28T20:46:18","slug":"1920a06_","status":"publish","type":"page","link":"https:\/\/le.ese.ipp.pt\/?page_id=866","title":{"rendered":"1920A06_YouTube\u2019s great leap in young minds\u2019 addictions, habits and perspectives"},"content":{"rendered":"\n<p>YouTube\u2019s great leap in young minds\u2019 addictions, habits and perspectives<\/p>\n\n\n\n<figure class=\"wp-block-image is-resized\"><img loading=\"lazy\" decoding=\"async\" width=\"864\" height=\"1024\" src=\"https:\/\/le.ese.ipp.pt\/wp-content\/uploads\/2020\/01\/imagem-10-864x1024.png\" alt=\"\" class=\"wp-image-907\" style=\"aspect-ratio:0.84375;width:840px;height:auto\" srcset=\"https:\/\/le.ese.ipp.pt\/wp-content\/uploads\/2020\/01\/imagem-10-864x1024.png 864w, https:\/\/le.ese.ipp.pt\/wp-content\/uploads\/2020\/01\/imagem-10-253x300.png 253w, https:\/\/le.ese.ipp.pt\/wp-content\/uploads\/2020\/01\/imagem-10-768x910.png 768w, https:\/\/le.ese.ipp.pt\/wp-content\/uploads\/2020\/01\/imagem-10.png 989w\" sizes=\"auto, (max-width: 864px) 100vw, 864px\" \/><figcaption class=\"wp-element-caption\"><a href=\"https:\/\/youtubegreatleap.wixsite.com\/website-1\">https:\/\/youtubegreatleap.wixsite.com\/website-1<\/a><\/figcaption><\/figure>\n\n\n\n<p> Jo\u00e3o Ferreira<br>(pedra4pedra4@gmail.com)<br>Diogo Vicente<br>(diogovicente62@gmail.com)<br>Jo\u00e3o Branco<br>(joaobranco112@gmail.com)<br>Jo\u00e3o Santos<br>(jprds1777@gmail.com<\/p>\n\n\n\n<figure class=\"wp-block-image is-resized\"><img loading=\"lazy\" decoding=\"async\" width=\"1024\" height=\"547\" src=\"https:\/\/le.ese.ipp.pt\/wp-content\/uploads\/2020\/01\/imagem-11-1024x547.png\" alt=\"\" class=\"wp-image-908\" style=\"width:270px;height:143px\" srcset=\"https:\/\/le.ese.ipp.pt\/wp-content\/uploads\/2020\/01\/imagem-11-1024x547.png 1024w, https:\/\/le.ese.ipp.pt\/wp-content\/uploads\/2020\/01\/imagem-11-300x160.png 300w, https:\/\/le.ese.ipp.pt\/wp-content\/uploads\/2020\/01\/imagem-11-768x410.png 768w, https:\/\/le.ese.ipp.pt\/wp-content\/uploads\/2020\/01\/imagem-11.png 1639w\" sizes=\"auto, (max-width: 1024px) 100vw, 1024px\" \/><\/figure>\n\n\n\n<figure class=\"wp-block-embed\"><div class=\"wp-block-embed__wrapper\">\nhttps:\/\/youtubegreatleap.wixsite.com\/work\n<\/div><\/figure>\n","protected":false},"excerpt":{"rendered":"<p>YouTube\u2019s great leap in young minds\u2019 addictions, habits and perspectives Jo\u00e3o Ferreira(pedra4pedra4@gmail.com)Diogo Vicente(diogovicente62@gmail.com)Jo\u00e3o Branco(joaobranco112@gmail.com)Jo\u00e3o Santos(jprds1777@gmail.com<\/p>\n","protected":false},"author":2,"featured_media":0,"parent":0,"menu_order":0,"comment_status":"closed","ping_status":"closed","template":"","meta":{"ngg_post_thumbnail":0,"footnotes":""},"class_list":["post-866","page","type-page","status-publish","hentry"],"_links":{"self":[{"href":"https:\/\/le.ese.ipp.pt\/index.php?rest_route=\/wp\/v2\/pages\/866","targetHints":{"allow":["GET"]}}],"collection":[{"href":"https:\/\/le.ese.ipp.pt\/index.php?rest_route=\/wp\/v2\/pages"}],"about":[{"href":"https:\/\/le.ese.ipp.pt\/index.php?rest_route=\/wp\/v2\/types\/page"}],"author":[{"embeddable":true,"href":"https:\/\/le.ese.ipp.pt\/index.php?rest_route=\/wp\/v2\/users\/2"}],"replies":[{"embeddable":true,"href":"https:\/\/le.ese.ipp.pt\/index.php?rest_route=%2Fwp%2Fv2%2Fcomments&post=866"}],"version-history":[{"count":3,"href":"https:\/\/le.ese.ipp.pt\/index.php?rest_route=\/wp\/v2\/pages\/866\/revisions"}],"predecessor-version":[{"id":960,"href":"https:\/\/le.ese.ipp.pt\/index.php?rest_route=\/wp\/v2\/pages\/866\/revisions\/960"}],"wp:attachment":[{"href":"https:\/\/le.ese.ipp.pt\/index.php?rest_route=%2Fwp%2Fv2%2Fmedia&parent=866"}],"curies":[{"name":"wp","href":"https:\/\/api.w.org\/{rel}","templated":true}]}}