{"id":833,"date":"2020-01-08T10:06:50","date_gmt":"2020-01-08T10:06:50","guid":{"rendered":"http:\/\/le.ese.ipp.pt\/?page_id=833"},"modified":"2020-01-16T09:38:37","modified_gmt":"2020-01-16T09:38:37","slug":"1920b01_","status":"publish","type":"page","link":"https:\/\/le.ese.ipp.pt\/?page_id=833","title":{"rendered":"1920B01_How are social media (Instagram) affecting future careers in the 21st century?"},"content":{"rendered":"\n<p>How are social media (Instagram) affecting future careers in the 21st century?<\/p>\n\n\n\n<figure class=\"wp-block-image\"><img loading=\"lazy\" decoding=\"async\" width=\"909\" height=\"1024\" src=\"https:\/\/le.ese.ipp.pt\/wp-content\/uploads\/2020\/01\/imagem-14-909x1024.png\" alt=\"\" class=\"wp-image-922\" srcset=\"https:\/\/le.ese.ipp.pt\/wp-content\/uploads\/2020\/01\/imagem-14-909x1024.png 909w, https:\/\/le.ese.ipp.pt\/wp-content\/uploads\/2020\/01\/imagem-14-266x300.png 266w, https:\/\/le.ese.ipp.pt\/wp-content\/uploads\/2020\/01\/imagem-14-768x865.png 768w, https:\/\/le.ese.ipp.pt\/wp-content\/uploads\/2020\/01\/imagem-14.png 1022w\" sizes=\"auto, (max-width: 909px) 100vw, 909px\" \/><figcaption><a href=\"https:\/\/matrizessocial.family.blog\/\">https:\/\/matrizessocial.family.blog\/<\/a><\/figcaption><\/figure>\n\n\n\n<p>Ariel Herrero<br>Gon\u00e7alo Coelho<br>(3190244@ese.ipp.pt)<br>H\u00e9lder Magalh\u00e3es<br>(3190248@ese.ipp.pt)<br>In\u00eas Duarte<br>(3190255@ese.ipp.pt) <\/p>\n\n\n\n<figure class=\"wp-block-image\"><img decoding=\"async\" src=\"https:\/\/padlet.pics\/1\/proxy?url=https%3A%2F%2Flh4.googleusercontent.com%2Fm37NIO9abI8h42wsfu9UoURKmgkKqMrMylZMcMkMBpuPshfyra4OVdXf--qpIQp8X-H1ERVx36vZ8ADvMLN1-w3Lcj_HVcZ-Xwk%3Dw2395-h1425-rw-e365\" alt=\"\"\/><\/figure>\n","protected":false},"excerpt":{"rendered":"<p>How are social media (Instagram) affecting future careers in the 21st century? Ariel HerreroGon\u00e7alo Coelho(3190244@ese.ipp.pt)H\u00e9lder Magalh\u00e3es(3190248@ese.ipp.pt)In\u00eas Duarte(3190255@ese.ipp.pt)<\/p>\n","protected":false},"author":2,"featured_media":0,"parent":0,"menu_order":0,"comment_status":"closed","ping_status":"closed","template":"","meta":{"ngg_post_thumbnail":0,"footnotes":""},"class_list":["post-833","page","type-page","status-publish","hentry"],"_links":{"self":[{"href":"https:\/\/le.ese.ipp.pt\/index.php?rest_route=\/wp\/v2\/pages\/833","targetHints":{"allow":["GET"]}}],"collection":[{"href":"https:\/\/le.ese.ipp.pt\/index.php?rest_route=\/wp\/v2\/pages"}],"about":[{"href":"https:\/\/le.ese.ipp.pt\/index.php?rest_route=\/wp\/v2\/types\/page"}],"author":[{"embeddable":true,"href":"https:\/\/le.ese.ipp.pt\/index.php?rest_route=\/wp\/v2\/users\/2"}],"replies":[{"embeddable":true,"href":"https:\/\/le.ese.ipp.pt\/index.php?rest_route=%2Fwp%2Fv2%2Fcomments&post=833"}],"version-history":[{"count":2,"href":"https:\/\/le.ese.ipp.pt\/index.php?rest_route=\/wp\/v2\/pages\/833\/revisions"}],"predecessor-version":[{"id":923,"href":"https:\/\/le.ese.ipp.pt\/index.php?rest_route=\/wp\/v2\/pages\/833\/revisions\/923"}],"wp:attachment":[{"href":"https:\/\/le.ese.ipp.pt\/index.php?rest_route=%2Fwp%2Fv2%2Fmedia&parent=833"}],"curies":[{"name":"wp","href":"https:\/\/api.w.org\/{rel}","templated":true}]}}