{"id":761,"date":"2019-11-11T21:59:57","date_gmt":"2019-11-11T21:59:57","guid":{"rendered":"http:\/\/le.ese.ipp.pt\/?page_id=761"},"modified":"2019-11-11T22:40:28","modified_gmt":"2019-11-11T22:40:28","slug":"1819b04-tv-and-sexuality","status":"publish","type":"page","link":"https:\/\/le.ese.ipp.pt\/?page_id=761","title":{"rendered":"1819B04 TV and Sexuality"},"content":{"rendered":"\n<table class=\"wp-block-table\"><tbody><tr><td>3180193<\/td><td>HUGO ROCHA GARRIDO<\/td><\/tr><tr><td>3180223<\/td><td>JO\u00c3O GON\u00c7ALO MATOS OLIVEIRA<\/td><\/tr><tr><td>3180229<\/td><td>JOEL GON\u00c7ALO DA SILVA GASPAR<\/td><\/tr><tr><td>3180231<\/td><td>JOS\u00c9 LU\u00cdS AUGUSTO GON\u00c7ALVES<\/td><\/tr><\/tbody><\/table>\n\n\n\n<p><a href=\"https:\/\/josegon02.wixsite.com\/youknow\">https:\/\/josegon02.wixsite.com\/youknow<\/a><\/p>\n\n\n\n<figure class=\"wp-block-image\"><img loading=\"lazy\" decoding=\"async\" width=\"1024\" height=\"932\" src=\"https:\/\/le.ese.ipp.pt\/wp-content\/uploads\/2019\/11\/b04-1024x932.jpg\" alt=\"\" class=\"wp-image-796\" srcset=\"https:\/\/le.ese.ipp.pt\/wp-content\/uploads\/2019\/11\/b04-1024x932.jpg 1024w, https:\/\/le.ese.ipp.pt\/wp-content\/uploads\/2019\/11\/b04-300x273.jpg 300w, https:\/\/le.ese.ipp.pt\/wp-content\/uploads\/2019\/11\/b04-768x699.jpg 768w, https:\/\/le.ese.ipp.pt\/wp-content\/uploads\/2019\/11\/b04.jpg 1075w\" sizes=\"auto, (max-width: 1024px) 100vw, 1024px\" \/><\/figure>\n","protected":false},"excerpt":{"rendered":"<p>3180193 HUGO ROCHA GARRIDO 3180223 JO\u00c3O GON\u00c7ALO MATOS OLIVEIRA 3180229 JOEL GON\u00c7ALO DA SILVA GASPAR 3180231 JOS\u00c9 LU\u00cdS AUGUSTO GON\u00c7ALVES https:\/\/josegon02.wixsite.com\/youknow<\/p>\n","protected":false},"author":2,"featured_media":0,"parent":0,"menu_order":0,"comment_status":"closed","ping_status":"closed","template":"","meta":{"ngg_post_thumbnail":0,"footnotes":""},"class_list":["post-761","page","type-page","status-publish","hentry"],"_links":{"self":[{"href":"https:\/\/le.ese.ipp.pt\/index.php?rest_route=\/wp\/v2\/pages\/761","targetHints":{"allow":["GET"]}}],"collection":[{"href":"https:\/\/le.ese.ipp.pt\/index.php?rest_route=\/wp\/v2\/pages"}],"about":[{"href":"https:\/\/le.ese.ipp.pt\/index.php?rest_route=\/wp\/v2\/types\/page"}],"author":[{"embeddable":true,"href":"https:\/\/le.ese.ipp.pt\/index.php?rest_route=\/wp\/v2\/users\/2"}],"replies":[{"embeddable":true,"href":"https:\/\/le.ese.ipp.pt\/index.php?rest_route=%2Fwp%2Fv2%2Fcomments&post=761"}],"version-history":[{"count":2,"href":"https:\/\/le.ese.ipp.pt\/index.php?rest_route=\/wp\/v2\/pages\/761\/revisions"}],"predecessor-version":[{"id":797,"href":"https:\/\/le.ese.ipp.pt\/index.php?rest_route=\/wp\/v2\/pages\/761\/revisions\/797"}],"wp:attachment":[{"href":"https:\/\/le.ese.ipp.pt\/index.php?rest_route=%2Fwp%2Fv2%2Fmedia&parent=761"}],"curies":[{"name":"wp","href":"https:\/\/api.w.org\/{rel}","templated":true}]}}