{"id":727,"date":"2019-11-11T19:08:35","date_gmt":"2019-11-11T19:08:35","guid":{"rendered":"http:\/\/le.ese.ipp.pt\/?page_id=727"},"modified":"2019-11-11T22:27:20","modified_gmt":"2019-11-11T22:27:20","slug":"1819a03-lgbt","status":"publish","type":"page","link":"https:\/\/le.ese.ipp.pt\/?page_id=727","title":{"rendered":"1819A03 LGBT"},"content":{"rendered":"\n<table class=\"wp-block-table\"><tbody><tr><td>3180062<\/td><td>ANA MARGARIDA COSTA RIBEIRO<\/td><\/tr><tr><td>3180135<\/td><td>CLARA SOFIA MORAIS MARINHO<\/td><\/tr><tr><td>3180226<\/td><td>JO\u00c3O PEDRO ALMEIDA VILA\u00c7A<\/td><\/tr><tr><td>3170351<\/td><td>R\u00daBEN ANDR\u00c9 SANTOS SILVA<\/td><\/tr><\/tbody><\/table>\n\n\n\n<p><a href=\"https:\/\/lgbtontv.carrd.co\/\">https:\/\/lgbtontv.carrd.co\/<\/a><\/p>\n\n\n\n<figure class=\"wp-block-image\"><img loading=\"lazy\" decoding=\"async\" width=\"854\" height=\"904\" src=\"https:\/\/le.ese.ipp.pt\/wp-content\/uploads\/2019\/11\/a03.jpg\" alt=\"\" class=\"wp-image-776\" srcset=\"https:\/\/le.ese.ipp.pt\/wp-content\/uploads\/2019\/11\/a03.jpg 854w, https:\/\/le.ese.ipp.pt\/wp-content\/uploads\/2019\/11\/a03-283x300.jpg 283w, https:\/\/le.ese.ipp.pt\/wp-content\/uploads\/2019\/11\/a03-768x813.jpg 768w\" sizes=\"auto, (max-width: 854px) 100vw, 854px\" \/><\/figure>\n","protected":false},"excerpt":{"rendered":"<p>3180062 ANA MARGARIDA COSTA RIBEIRO 3180135 CLARA SOFIA MORAIS MARINHO 3180226 JO\u00c3O PEDRO ALMEIDA VILA\u00c7A 3170351 R\u00daBEN ANDR\u00c9 SANTOS SILVA https:\/\/lgbtontv.carrd.co\/<\/p>\n","protected":false},"author":2,"featured_media":0,"parent":0,"menu_order":0,"comment_status":"closed","ping_status":"closed","template":"","meta":{"ngg_post_thumbnail":0,"footnotes":""},"class_list":["post-727","page","type-page","status-publish","hentry"],"_links":{"self":[{"href":"https:\/\/le.ese.ipp.pt\/index.php?rest_route=\/wp\/v2\/pages\/727","targetHints":{"allow":["GET"]}}],"collection":[{"href":"https:\/\/le.ese.ipp.pt\/index.php?rest_route=\/wp\/v2\/pages"}],"about":[{"href":"https:\/\/le.ese.ipp.pt\/index.php?rest_route=\/wp\/v2\/types\/page"}],"author":[{"embeddable":true,"href":"https:\/\/le.ese.ipp.pt\/index.php?rest_route=\/wp\/v2\/users\/2"}],"replies":[{"embeddable":true,"href":"https:\/\/le.ese.ipp.pt\/index.php?rest_route=%2Fwp%2Fv2%2Fcomments&post=727"}],"version-history":[{"count":2,"href":"https:\/\/le.ese.ipp.pt\/index.php?rest_route=\/wp\/v2\/pages\/727\/revisions"}],"predecessor-version":[{"id":777,"href":"https:\/\/le.ese.ipp.pt\/index.php?rest_route=\/wp\/v2\/pages\/727\/revisions\/777"}],"wp:attachment":[{"href":"https:\/\/le.ese.ipp.pt\/index.php?rest_route=%2Fwp%2Fv2%2Fmedia&parent=727"}],"curies":[{"name":"wp","href":"https:\/\/api.w.org\/{rel}","templated":true}]}}