{"id":520,"date":"2017-07-06T20:56:05","date_gmt":"2017-07-06T20:56:05","guid":{"rendered":"http:\/\/le.ese.ipp.pt\/?page_id=520"},"modified":"2017-07-06T21:04:28","modified_gmt":"2017-07-06T21:04:28","slug":"mestrado-em-ensino-do-ingles-1ociclo","status":"publish","type":"page","link":"https:\/\/le.ese.ipp.pt\/?page_id=520","title":{"rendered":"Mestrado em Ensino do Ingl\u00eas 1\u00baCiclo"},"content":{"rendered":"<div>\n<div><strong>Regime de estudos<\/strong><\/div>\n<div>Diurno<\/div>\n<div>&nbsp;<\/div>\n<div><strong>Coordenador do Curso<\/strong><\/div>\n<div>Manuel Bernardo Queiroz Canha<\/div>\n<div>&nbsp;<\/div>\n<div><strong>Acredita\u00e7\u00e3o do ciclo de estudos<\/strong><\/div>\n<div>Acreditado por: 6 anos em 30\/07\/2015<\/div>\n<div>Consultar relat\u00f3rios em www.a3es.pt<\/div>\n<div>&nbsp;<\/div>\n<div><strong>\u00c1rea CNAEF: 144<\/strong><\/div>\n<div>Forma\u00e7\u00e3o de professores do ensino b\u00e1sico (1.\u00ba e 2.\u00ba ciclos)<\/div>\n<div>Registo DGES<\/div>\n<div>N\u00famero: R\/A-Cr249\/2015<\/div>\n<div>Data: 07\/09\/2015<\/div>\n<div>&nbsp;<\/div>\n<div><strong>Publica\u00e7\u00e3o em Di\u00e1rio da Rep\u00fablica<\/strong><\/div>\n<div>N.\u00ba Despacho\/Portaria: Despacho n.\u00ba 10545\/2015<\/div>\n<div>Data: 21\/09\/2015<\/div>\n<div>&nbsp;<\/div>\n<div><a href=\"https:\/\/le.ese.ipp.pt\/wp-content\/uploads\/2017\/07\/Screenshot_1.png\"><img loading=\"lazy\" decoding=\"async\" class=\"alignnone wp-image-526 size-full\" src=\"https:\/\/le.ese.ipp.pt\/wp-content\/uploads\/2017\/07\/Screenshot_1.png\" alt=\"\" width=\"852\" height=\"557\" srcset=\"https:\/\/le.ese.ipp.pt\/wp-content\/uploads\/2017\/07\/Screenshot_1.png 852w, https:\/\/le.ese.ipp.pt\/wp-content\/uploads\/2017\/07\/Screenshot_1-300x196.png 300w, https:\/\/le.ese.ipp.pt\/wp-content\/uploads\/2017\/07\/Screenshot_1-768x502.png 768w\" sizes=\"auto, (max-width: 852px) 100vw, 852px\" \/><\/a><\/div>\n<\/div>\n","protected":false},"excerpt":{"rendered":"<p>Regime de estudos Diurno &nbsp; Coordenador do Curso Manuel Bernardo Queiroz Canha &nbsp; Acredita\u00e7\u00e3o do ciclo de estudos Acreditado por: 6 anos em 30\/07\/2015 Consultar relat\u00f3rios em www.a3es.pt &nbsp; \u00c1rea CNAEF: 144 Forma\u00e7\u00e3o de professores do ensino b\u00e1sico (1.\u00ba e 2.\u00ba ciclos) Registo DGES N\u00famero: R\/A-Cr249\/2015 Data: 07\/09\/2015 &nbsp; Publica\u00e7\u00e3o em Di\u00e1rio da Rep\u00fablica N.\u00ba [&hellip;]<\/p>\n","protected":false},"author":2,"featured_media":0,"parent":0,"menu_order":0,"comment_status":"closed","ping_status":"closed","template":"","meta":{"ngg_post_thumbnail":0,"footnotes":""},"class_list":["post-520","page","type-page","status-publish","hentry"],"_links":{"self":[{"href":"https:\/\/le.ese.ipp.pt\/index.php?rest_route=\/wp\/v2\/pages\/520","targetHints":{"allow":["GET"]}}],"collection":[{"href":"https:\/\/le.ese.ipp.pt\/index.php?rest_route=\/wp\/v2\/pages"}],"about":[{"href":"https:\/\/le.ese.ipp.pt\/index.php?rest_route=\/wp\/v2\/types\/page"}],"author":[{"embeddable":true,"href":"https:\/\/le.ese.ipp.pt\/index.php?rest_route=\/wp\/v2\/users\/2"}],"replies":[{"embeddable":true,"href":"https:\/\/le.ese.ipp.pt\/index.php?rest_route=%2Fwp%2Fv2%2Fcomments&post=520"}],"version-history":[{"count":5,"href":"https:\/\/le.ese.ipp.pt\/index.php?rest_route=\/wp\/v2\/pages\/520\/revisions"}],"predecessor-version":[{"id":528,"href":"https:\/\/le.ese.ipp.pt\/index.php?rest_route=\/wp\/v2\/pages\/520\/revisions\/528"}],"wp:attachment":[{"href":"https:\/\/le.ese.ipp.pt\/index.php?rest_route=%2Fwp%2Fv2%2Fmedia&parent=520"}],"curies":[{"name":"wp","href":"https:\/\/api.w.org\/{rel}","templated":true}]}}