{"id":488,"date":"2017-01-27T22:19:46","date_gmt":"2017-01-27T22:19:46","guid":{"rendered":"http:\/\/le.ese.ipp.pt\/?page_id=488"},"modified":"2017-01-27T22:19:46","modified_gmt":"2017-01-27T22:19:46","slug":"licenciatura-em-linguas-e-culturas-estrangeiras","status":"publish","type":"page","link":"https:\/\/le.ese.ipp.pt\/?page_id=488","title":{"rendered":"Licenciatura em L\u00ednguas e Culturas Estrangeiras"},"content":{"rendered":"<div>Regime de estudos<\/div>\n<div>Diurno<\/div>\n<div>&nbsp;<\/div>\n<div><strong>Coordenador do Curso<\/strong><br \/>\nCristina Maria Falc\u00e3o Severo Ferreira Pinto Mendes de Freitas<\/div>\n<div>&nbsp;<\/div>\n<div><strong>Acredita\u00e7\u00e3o do ciclo de estudos<\/strong><br \/>\nAcreditado por: 6 anos em 27\/04\/2016<br \/>\n\u00c1rea CNAEF: 222 &#8211; L\u00ednguas e literaturas estrangeiras<br \/>\nConsultar relat\u00f3rios em www.a3es.pt<\/div>\n<div>&nbsp;<\/div>\n<div><strong>Registo DGES<\/strong><br \/>\nN\u00famero: R\/A-Ef 755\/2011\/AL01<br \/>\nData: 22\/06\/2016<\/div>\n<div>&nbsp;<\/div>\n<div><strong>Publica\u00e7\u00e3o em Di\u00e1rio da Rep\u00fablica<\/strong><br \/>\nN.\u00ba Despacho\/Portaria: Despacho n.\u00ba 8950\/2016<br \/>\nData: 11\/07\/2016<\/div>\n<div>&nbsp;<\/div>\n<div>Nota: A informa\u00e7\u00e3o disponibilizada nesta p\u00e1gina n\u00e3o dispensa a consulta do Website de acesso ao ensino superior do Minist\u00e9rio da Ci\u00eancia e Educa\u00e7\u00e3o &#8211; http:\/\/www.dges.mctes.pt\/DGES\/pt\/Estudantes\/Acesso\/ &#8211; Veja mais em: https:\/\/www.ese.ipp.pt\/cursos\/licenciatura\/30001432#sthash.GYfw5bCl.dpuf<\/div>\n","protected":false},"excerpt":{"rendered":"<p>Regime de estudos Diurno &nbsp; Coordenador do Curso Cristina Maria Falc\u00e3o Severo Ferreira Pinto Mendes de Freitas &nbsp; Acredita\u00e7\u00e3o do ciclo de estudos Acreditado por: 6 anos em 27\/04\/2016 \u00c1rea CNAEF: 222 &#8211; L\u00ednguas e literaturas estrangeiras Consultar relat\u00f3rios em www.a3es.pt &nbsp; Registo DGES N\u00famero: R\/A-Ef 755\/2011\/AL01 Data: 22\/06\/2016 &nbsp; Publica\u00e7\u00e3o em Di\u00e1rio da Rep\u00fablica [&hellip;]<\/p>\n","protected":false},"author":2,"featured_media":0,"parent":0,"menu_order":0,"comment_status":"closed","ping_status":"closed","template":"","meta":{"ngg_post_thumbnail":0,"footnotes":""},"class_list":["post-488","page","type-page","status-publish","hentry"],"_links":{"self":[{"href":"https:\/\/le.ese.ipp.pt\/index.php?rest_route=\/wp\/v2\/pages\/488","targetHints":{"allow":["GET"]}}],"collection":[{"href":"https:\/\/le.ese.ipp.pt\/index.php?rest_route=\/wp\/v2\/pages"}],"about":[{"href":"https:\/\/le.ese.ipp.pt\/index.php?rest_route=\/wp\/v2\/types\/page"}],"author":[{"embeddable":true,"href":"https:\/\/le.ese.ipp.pt\/index.php?rest_route=\/wp\/v2\/users\/2"}],"replies":[{"embeddable":true,"href":"https:\/\/le.ese.ipp.pt\/index.php?rest_route=%2Fwp%2Fv2%2Fcomments&post=488"}],"version-history":[{"count":1,"href":"https:\/\/le.ese.ipp.pt\/index.php?rest_route=\/wp\/v2\/pages\/488\/revisions"}],"predecessor-version":[{"id":490,"href":"https:\/\/le.ese.ipp.pt\/index.php?rest_route=\/wp\/v2\/pages\/488\/revisions\/490"}],"wp:attachment":[{"href":"https:\/\/le.ese.ipp.pt\/index.php?rest_route=%2Fwp%2Fv2%2Fmedia&parent=488"}],"curies":[{"name":"wp","href":"https:\/\/api.w.org\/{rel}","templated":true}]}}