{"id":373,"date":"2017-01-27T11:44:18","date_gmt":"2017-01-27T11:44:18","guid":{"rendered":"http:\/\/le.ese.ipp.pt\/?page_id=373"},"modified":"2018-01-21T12:08:40","modified_gmt":"2018-01-21T12:08:40","slug":"1617b03","status":"publish","type":"page","link":"https:\/\/le.ese.ipp.pt\/?page_id=373","title":{"rendered":"1617B03 Evolution in the use of media"},"content":{"rendered":"<h1 style=\"text-align: center;\">EVOLUTION IN THE USE OF MEDIA<\/h1>\n<ul>\n<li>\n<h1><a href=\"https:\/\/le.ese.ipp.pt\/wp-content\/uploads\/2017\/01\/2017-01-20_145520-1.jpg\"><img loading=\"lazy\" decoding=\"async\" class=\"alignnone size-medium wp-image-374 aligncenter\" src=\"https:\/\/le.ese.ipp.pt\/wp-content\/uploads\/2017\/01\/2017-01-20_145520-1-300x177.jpg\" alt=\"\" width=\"300\" height=\"177\" srcset=\"https:\/\/le.ese.ipp.pt\/wp-content\/uploads\/2017\/01\/2017-01-20_145520-1-300x177.jpg 300w, https:\/\/le.ese.ipp.pt\/wp-content\/uploads\/2017\/01\/2017-01-20_145520-1-768x453.jpg 768w, https:\/\/le.ese.ipp.pt\/wp-content\/uploads\/2017\/01\/2017-01-20_145520-1-1024x604.jpg 1024w, https:\/\/le.ese.ipp.pt\/wp-content\/uploads\/2017\/01\/2017-01-20_145520-1.jpg 1449w\" sizes=\"auto, (max-width: 300px) 100vw, 300px\" \/><\/a><\/h1>\n<hr>\n<p>CARLA SOFIA GON\u00c7ALVES FERREIRA<\/li>\n<li>CLA\u00daDIA SOFIA GON\u00c7ALVES MOREIRA<\/li>\n<li>FABIANA CASTRO TEIXEIRA<\/li>\n<li>ANT\u00d3NIO JO\u00c3O RIBEIRO VIVEIROS<\/li>\n<\/ul>\n<p><em>One of the fundamental parts of this project was the video that each group had to record following an extensive list of parameters. The video was a challenging part of the project. Considering that none of the four of us had any sort of experience in editing, cutting, adding sound among other things I think we did not do that bad. It took us some time to record the actual video because we used 4 different clips where the help of others was needed but what took the longest was putting together the whole project without forgetting all obligatory requests from the teachers. If we count the time spent recording, editing, searching for music, adding effects, among others, it was the most toilsome chore, and the most uncertain as well because although we spent all that time it could still not be that good or not follow everything that it should.<\/em><\/p>\n<hr>\n<p><a href=\"https:\/\/le.ese.ipp.pt\/wp-content\/uploads\/2017\/01\/2017-01-27_114255.jpg\"><img loading=\"lazy\" decoding=\"async\" class=\"alignnone size-medium wp-image-377 aligncenter\" src=\"https:\/\/le.ese.ipp.pt\/wp-content\/uploads\/2017\/01\/2017-01-27_114255-300x293.jpg\" alt=\"\" width=\"300\" height=\"293\" srcset=\"https:\/\/le.ese.ipp.pt\/wp-content\/uploads\/2017\/01\/2017-01-27_114255-300x293.jpg 300w, https:\/\/le.ese.ipp.pt\/wp-content\/uploads\/2017\/01\/2017-01-27_114255-768x750.jpg 768w, https:\/\/le.ese.ipp.pt\/wp-content\/uploads\/2017\/01\/2017-01-27_114255.jpg 921w\" sizes=\"auto, (max-width: 300px) 100vw, 300px\" \/><\/a><\/p>\n<p style=\"text-align: center;\"><a href=\"https:\/\/le.ese.ipp.pt\/wp-content\/uploads\/2017\/01\/2017-01-20_150711.jpg\"><img loading=\"lazy\" decoding=\"async\" class=\"alignnone size-medium wp-image-376\" src=\"https:\/\/le.ese.ipp.pt\/wp-content\/uploads\/2017\/01\/2017-01-20_150711-221x300.jpg\" alt=\"\" width=\"221\" height=\"300\" srcset=\"https:\/\/le.ese.ipp.pt\/wp-content\/uploads\/2017\/01\/2017-01-20_150711-221x300.jpg 221w, https:\/\/le.ese.ipp.pt\/wp-content\/uploads\/2017\/01\/2017-01-20_150711.jpg 708w\" sizes=\"auto, (max-width: 221px) 100vw, 221px\" \/><\/a><\/p>\n<p><a href=\"https:\/\/le.ese.ipp.pt\/wp-content\/uploads\/2017\/01\/2017-01-19-16.52.24.jpg\"><img loading=\"lazy\" decoding=\"async\" class=\"alignnone size-medium wp-image-375 aligncenter\" src=\"https:\/\/le.ese.ipp.pt\/wp-content\/uploads\/2017\/01\/2017-01-19-16.52.24-300x225.jpg\" alt=\"\" width=\"300\" height=\"225\" srcset=\"https:\/\/le.ese.ipp.pt\/wp-content\/uploads\/2017\/01\/2017-01-19-16.52.24-300x225.jpg 300w, https:\/\/le.ese.ipp.pt\/wp-content\/uploads\/2017\/01\/2017-01-19-16.52.24-768x576.jpg 768w, https:\/\/le.ese.ipp.pt\/wp-content\/uploads\/2017\/01\/2017-01-19-16.52.24-1024x768.jpg 1024w\" sizes=\"auto, (max-width: 300px) 100vw, 300px\" \/><\/a><\/p>\n","protected":false},"excerpt":{"rendered":"<p>EVOLUTION IN THE USE OF MEDIA CARLA SOFIA GON\u00c7ALVES FERREIRA CLA\u00daDIA SOFIA GON\u00c7ALVES MOREIRA FABIANA CASTRO TEIXEIRA ANT\u00d3NIO JO\u00c3O RIBEIRO VIVEIROS One of the fundamental parts of this project was the video that each group had to record following an extensive list of parameters. The video was a challenging part of the project. Considering that [&hellip;]<\/p>\n","protected":false},"author":2,"featured_media":0,"parent":0,"menu_order":0,"comment_status":"open","ping_status":"closed","template":"","meta":{"ngg_post_thumbnail":0,"footnotes":""},"class_list":["post-373","page","type-page","status-publish","hentry"],"_links":{"self":[{"href":"https:\/\/le.ese.ipp.pt\/index.php?rest_route=\/wp\/v2\/pages\/373","targetHints":{"allow":["GET"]}}],"collection":[{"href":"https:\/\/le.ese.ipp.pt\/index.php?rest_route=\/wp\/v2\/pages"}],"about":[{"href":"https:\/\/le.ese.ipp.pt\/index.php?rest_route=\/wp\/v2\/types\/page"}],"author":[{"embeddable":true,"href":"https:\/\/le.ese.ipp.pt\/index.php?rest_route=\/wp\/v2\/users\/2"}],"replies":[{"embeddable":true,"href":"https:\/\/le.ese.ipp.pt\/index.php?rest_route=%2Fwp%2Fv2%2Fcomments&post=373"}],"version-history":[{"count":5,"href":"https:\/\/le.ese.ipp.pt\/index.php?rest_route=\/wp\/v2\/pages\/373\/revisions"}],"predecessor-version":[{"id":657,"href":"https:\/\/le.ese.ipp.pt\/index.php?rest_route=\/wp\/v2\/pages\/373\/revisions\/657"}],"wp:attachment":[{"href":"https:\/\/le.ese.ipp.pt\/index.php?rest_route=%2Fwp%2Fv2%2Fmedia&parent=373"}],"curies":[{"name":"wp","href":"https:\/\/api.w.org\/{rel}","templated":true}]}}