{"id":337,"date":"2017-01-27T10:26:49","date_gmt":"2017-01-27T10:26:49","guid":{"rendered":"http:\/\/le.ese.ipp.pt\/?page_id=337"},"modified":"2018-01-21T12:06:18","modified_gmt":"2018-01-21T12:06:18","slug":"1617a07","status":"publish","type":"page","link":"https:\/\/le.ese.ipp.pt\/?page_id=337","title":{"rendered":"1617A07 Cultivation Theory"},"content":{"rendered":"<h1 style=\"text-align: center;\">CULTIVATION THEORY<\/h1>\n<p><a href=\"http:\/\/divarali17.wixsite.com\/divarali\" target=\"_blank\" rel=\"noopener\"><img loading=\"lazy\" decoding=\"async\" class=\"alignnone wp-image-338 aligncenter\" src=\"https:\/\/le.ese.ipp.pt\/wp-content\/uploads\/2017\/01\/2017-01-20_143628-1-300x257.jpg\" alt=\"\" width=\"358\" height=\"307\" srcset=\"https:\/\/le.ese.ipp.pt\/wp-content\/uploads\/2017\/01\/2017-01-20_143628-1-300x257.jpg 300w, https:\/\/le.ese.ipp.pt\/wp-content\/uploads\/2017\/01\/2017-01-20_143628-1-768x657.jpg 768w, https:\/\/le.ese.ipp.pt\/wp-content\/uploads\/2017\/01\/2017-01-20_143628-1-1024x876.jpg 1024w, https:\/\/le.ese.ipp.pt\/wp-content\/uploads\/2017\/01\/2017-01-20_143628-1.jpg 1164w\" sizes=\"auto, (max-width: 358px) 100vw, 358px\" \/><\/a><\/p>\n<hr>\n<ul>\n<li>LIGIA LOPES LARANJO<\/li>\n<li>RAFAEL ANT\u00d3NIO DA SILVA COSTA<\/li>\n<li>V\u00c2NIA FILIPA COSTA PEREIRA<\/li>\n<li>V\u00cdTOR DIOGO SOARES DUARTE<\/li>\n<\/ul>\n<div id=\"comp-irvoewv3inlineContent\" class=\"s18inlineContent\" data-reactid=\".0.$SITE_ROOT.$desktop_siteRoot.$PAGES_CONTAINER.1.1.$SITE_PAGES.$c1dmp.1.$comp-irvoewv3.1\">\n<div id=\"comp-irvoeww4\" class=\"s2\" data-reactid=\".0.$SITE_ROOT.$desktop_siteRoot.$PAGES_CONTAINER.1.1.$SITE_PAGES.$c1dmp.1.$comp-irvoewv3.1.$comp-irvoeww4\">\n<p class=\"font_8\"><em>Audiences are able to choose whether or not they want to be influenced by the content they watch. Truth or Lie? <span id=\"comp-ixsx3n9ylabel\" class=\"s21label\" data-reactid=\".0.$SITE_ROOT.$desktop_siteRoot.$PAGES_CONTAINER.1.1.$SITE_PAGES.$c1dmp.1.$comp-irvoewv3.1.$comp-ixsx3n9y.0.0\">What could be a good definition for Cultivation Theory? Why the name &#8220;Cultivation&#8221;? <\/span><\/em><em><span id=\"comp-ixsx68wglabel\" class=\"s21label\" data-reactid=\".0.$SITE_ROOT.$desktop_siteRoot.$PAGES_CONTAINER.1.1.$SITE_PAGES.$c1dmp.1.$comp-irvoewv3.1.$comp-ixsx68wg.0.0\">Why is the Cultivation Theory criticized by some theorists? <\/span><\/em><em><span id=\"comp-ixsxbb7mlabel\" class=\"s21label\" data-reactid=\".0.$SITE_ROOT.$desktop_siteRoot.$PAGES_CONTAINER.1.1.$SITE_PAGES.$c1dmp.1.$comp-irvoewv3.1.$comp-ixsxbb7m.0.0\">Does the Media control the audience or do they just give them what they want?<\/span><\/em><\/p>\n<p>What could be a good definition for Cultivation Theory? Why the name &#8220;Cultivation&#8221;?<\/p>\n<hr>\n<\/div>\n<\/div>\n<p><a href=\"https:\/\/le.ese.ipp.pt\/wp-content\/uploads\/2017\/01\/2017-01-27_102132.jpg\"><img loading=\"lazy\" decoding=\"async\" class=\"alignnone size-medium wp-image-341 aligncenter\" src=\"https:\/\/le.ese.ipp.pt\/wp-content\/uploads\/2017\/01\/2017-01-27_102132-300x248.jpg\" alt=\"\" width=\"300\" height=\"248\" srcset=\"https:\/\/le.ese.ipp.pt\/wp-content\/uploads\/2017\/01\/2017-01-27_102132-300x248.jpg 300w, https:\/\/le.ese.ipp.pt\/wp-content\/uploads\/2017\/01\/2017-01-27_102132-768x635.jpg 768w, https:\/\/le.ese.ipp.pt\/wp-content\/uploads\/2017\/01\/2017-01-27_102132.jpg 860w\" sizes=\"auto, (max-width: 300px) 100vw, 300px\" \/><\/a><\/p>\n<p style=\"text-align: center;\"><a href=\"https:\/\/le.ese.ipp.pt\/wp-content\/uploads\/2017\/01\/2017-01-27_102400.jpg\"><img loading=\"lazy\" decoding=\"async\" class=\"alignnone size-medium wp-image-342\" src=\"https:\/\/le.ese.ipp.pt\/wp-content\/uploads\/2017\/01\/2017-01-27_102400-300x207.jpg\" alt=\"\" width=\"300\" height=\"207\" srcset=\"https:\/\/le.ese.ipp.pt\/wp-content\/uploads\/2017\/01\/2017-01-27_102400-300x207.jpg 300w, https:\/\/le.ese.ipp.pt\/wp-content\/uploads\/2017\/01\/2017-01-27_102400-768x530.jpg 768w, https:\/\/le.ese.ipp.pt\/wp-content\/uploads\/2017\/01\/2017-01-27_102400.jpg 983w\" sizes=\"auto, (max-width: 300px) 100vw, 300px\" \/><\/a><\/p>\n<p style=\"text-align: center;\"><a href=\"https:\/\/le.ese.ipp.pt\/wp-content\/uploads\/2017\/01\/2017-01-18-16.42.17.jpg\"><img loading=\"lazy\" decoding=\"async\" class=\"alignnone size-medium wp-image-339\" src=\"https:\/\/le.ese.ipp.pt\/wp-content\/uploads\/2017\/01\/2017-01-18-16.42.17-300x225.jpg\" alt=\"\" width=\"300\" height=\"225\" srcset=\"https:\/\/le.ese.ipp.pt\/wp-content\/uploads\/2017\/01\/2017-01-18-16.42.17-300x225.jpg 300w, https:\/\/le.ese.ipp.pt\/wp-content\/uploads\/2017\/01\/2017-01-18-16.42.17-768x576.jpg 768w, https:\/\/le.ese.ipp.pt\/wp-content\/uploads\/2017\/01\/2017-01-18-16.42.17-1024x768.jpg 1024w\" sizes=\"auto, (max-width: 300px) 100vw, 300px\" \/><\/a><\/p>\n<p><a href=\"https:\/\/le.ese.ipp.pt\/wp-content\/uploads\/2017\/01\/2017-01-05-15.06.10.jpg\"><img loading=\"lazy\" decoding=\"async\" class=\"alignnone size-medium wp-image-340 aligncenter\" src=\"https:\/\/le.ese.ipp.pt\/wp-content\/uploads\/2017\/01\/2017-01-05-15.06.10-300x225.jpg\" alt=\"\" width=\"300\" height=\"225\" srcset=\"https:\/\/le.ese.ipp.pt\/wp-content\/uploads\/2017\/01\/2017-01-05-15.06.10-300x225.jpg 300w, https:\/\/le.ese.ipp.pt\/wp-content\/uploads\/2017\/01\/2017-01-05-15.06.10-768x576.jpg 768w, https:\/\/le.ese.ipp.pt\/wp-content\/uploads\/2017\/01\/2017-01-05-15.06.10-1024x768.jpg 1024w\" sizes=\"auto, (max-width: 300px) 100vw, 300px\" \/><\/a><\/p>\n","protected":false},"excerpt":{"rendered":"<p>CULTIVATION THEORY LIGIA LOPES LARANJO RAFAEL ANT\u00d3NIO DA SILVA COSTA V\u00c2NIA FILIPA COSTA PEREIRA V\u00cdTOR DIOGO SOARES DUARTE Audiences are able to choose whether or not they want to be influenced by the content they watch. Truth or Lie? What could be a good definition for Cultivation Theory? Why the name &#8220;Cultivation&#8221;? Why is the [&hellip;]<\/p>\n","protected":false},"author":2,"featured_media":0,"parent":0,"menu_order":0,"comment_status":"open","ping_status":"closed","template":"","meta":{"ngg_post_thumbnail":0,"footnotes":""},"class_list":["post-337","page","type-page","status-publish","hentry"],"_links":{"self":[{"href":"https:\/\/le.ese.ipp.pt\/index.php?rest_route=\/wp\/v2\/pages\/337","targetHints":{"allow":["GET"]}}],"collection":[{"href":"https:\/\/le.ese.ipp.pt\/index.php?rest_route=\/wp\/v2\/pages"}],"about":[{"href":"https:\/\/le.ese.ipp.pt\/index.php?rest_route=\/wp\/v2\/types\/page"}],"author":[{"embeddable":true,"href":"https:\/\/le.ese.ipp.pt\/index.php?rest_route=\/wp\/v2\/users\/2"}],"replies":[{"embeddable":true,"href":"https:\/\/le.ese.ipp.pt\/index.php?rest_route=%2Fwp%2Fv2%2Fcomments&post=337"}],"version-history":[{"count":4,"href":"https:\/\/le.ese.ipp.pt\/index.php?rest_route=\/wp\/v2\/pages\/337\/revisions"}],"predecessor-version":[{"id":653,"href":"https:\/\/le.ese.ipp.pt\/index.php?rest_route=\/wp\/v2\/pages\/337\/revisions\/653"}],"wp:attachment":[{"href":"https:\/\/le.ese.ipp.pt\/index.php?rest_route=%2Fwp%2Fv2%2Fmedia&parent=337"}],"curies":[{"name":"wp","href":"https:\/\/api.w.org\/{rel}","templated":true}]}}