{"id":155,"date":"2017-01-24T10:20:28","date_gmt":"2017-01-24T10:20:28","guid":{"rendered":"http:\/\/le.ese.ipp.pt\/?page_id=155"},"modified":"2017-01-27T22:11:37","modified_gmt":"2017-01-27T22:11:37","slug":"155-2","status":"publish","type":"page","link":"https:\/\/le.ese.ipp.pt\/?page_id=155","title":{"rendered":"Docentes"},"content":{"rendered":"<p><strong>UTC de L\u00ednguas Estrangeiras <\/strong><br \/>\nCoordenador da UTC<br \/>\n<strong>Marta Saracho Arnaiz<\/strong><br \/>\nProfessor Adjunto Convidado<\/p>\n<p><strong>Docentes Tempo Integral <\/strong><br \/>\n<strong>Cristina Maria Falc\u00e3o Severo Ferreira Pinto Mendes de Freitas<\/strong><br \/>\nProfessor Coordenador sem Agrega\u00e7\u00e3o<\/p>\n<p><strong>Eric Many<\/strong><br \/>\nProfessor Assistente<\/p>\n<p><strong>Jorge Manuel Costa Almeida e Pinho<\/strong><br \/>\nProfessor Adjunto Convidado<\/p>\n<p><strong>Manuel Bernardo Queiroz Canha<\/strong><br \/>\nProfessor Adjunto<\/p>\n<p><strong>Maria Edite Pais de Oliveira Aires Orange<\/strong><br \/>\nProfessor Adjunto<\/p>\n<p><strong>M\u00e1rio Rui Domingues Ferreira da Cruz<\/strong><br \/>\nProfessor Adjunto Convidado<\/p>\n<p><strong>Marta Saracho Arnaiz<\/strong><br \/>\nProfessor Adjunto Convidado Tempo parcial<\/p>\n<p><strong>Albina C\u00e2ndida Branco Silva Loureiro<\/strong><br \/>\nAssistente Convidado<\/p>\n<p><strong>Ana Margarida Rocha Cardoso Nunes da Costa<\/strong><br \/>\nAssistente Convidado<\/p>\n<p><strong>Lucie Oliveira Bagulho<\/strong><br \/>\nAssistente Convidado<\/p>\n<p><strong>Miguel dos Santos Silva Ramalhete Gomes<\/strong><br \/>\nAssistente Convidado<\/p>\n<p><strong>Nicholas James Austin<\/strong><br \/>\nAssistente Convidado<\/p>\n<p><strong>Sofia Maria Cruz de Melo Ara\u00fajo<\/strong><br \/>\nAssistente Convidado<\/p>\n<p><strong>Teresa Sofia Neves Alves Castela da Costa<\/strong><br \/>\nAssistente Convidado<\/p>\n<p><strong>Vanessa Cristina Ramos Sousa e Reis Esteves<\/strong><br \/>\nAssistente Convidado<\/p>\n<p>Veja mais em: https:\/\/www.ese.ipp.pt\/ese\/unidades_tecnico_cientifica\/utc-linguas-estrangeiras#sthash.wLeSTXBb.dpuf<\/p>\n","protected":false},"excerpt":{"rendered":"<p>UTC de L\u00ednguas Estrangeiras Coordenador da UTC Marta Saracho Arnaiz Professor Adjunto Convidado Docentes Tempo Integral Cristina Maria Falc\u00e3o Severo Ferreira Pinto Mendes de Freitas Professor Coordenador sem Agrega\u00e7\u00e3o Eric Many Professor Assistente Jorge Manuel Costa Almeida e Pinho Professor Adjunto Convidado Manuel Bernardo Queiroz Canha Professor Adjunto Maria Edite Pais de Oliveira Aires Orange [&hellip;]<\/p>\n","protected":false},"author":2,"featured_media":0,"parent":0,"menu_order":0,"comment_status":"closed","ping_status":"closed","template":"templates\/template-full.php","meta":{"ngg_post_thumbnail":0,"footnotes":""},"class_list":["post-155","page","type-page","status-publish","hentry"],"_links":{"self":[{"href":"https:\/\/le.ese.ipp.pt\/index.php?rest_route=\/wp\/v2\/pages\/155","targetHints":{"allow":["GET"]}}],"collection":[{"href":"https:\/\/le.ese.ipp.pt\/index.php?rest_route=\/wp\/v2\/pages"}],"about":[{"href":"https:\/\/le.ese.ipp.pt\/index.php?rest_route=\/wp\/v2\/types\/page"}],"author":[{"embeddable":true,"href":"https:\/\/le.ese.ipp.pt\/index.php?rest_route=\/wp\/v2\/users\/2"}],"replies":[{"embeddable":true,"href":"https:\/\/le.ese.ipp.pt\/index.php?rest_route=%2Fwp%2Fv2%2Fcomments&post=155"}],"version-history":[{"count":6,"href":"https:\/\/le.ese.ipp.pt\/index.php?rest_route=\/wp\/v2\/pages\/155\/revisions"}],"predecessor-version":[{"id":482,"href":"https:\/\/le.ese.ipp.pt\/index.php?rest_route=\/wp\/v2\/pages\/155\/revisions\/482"}],"wp:attachment":[{"href":"https:\/\/le.ese.ipp.pt\/index.php?rest_route=%2Fwp%2Fv2%2Fmedia&parent=155"}],"curies":[{"name":"wp","href":"https:\/\/api.w.org\/{rel}","templated":true}]}}